{"id":6,"date":"2019-05-11T09:48:57","date_gmt":"2019-05-11T07:48:57","guid":{"rendered":"http:\/\/poland.travel\/?page_id=6"},"modified":"2024-10-09T14:29:00","modified_gmt":"2024-10-09T12:29:00","slug":"home","status":"publish","type":"page","link":"https:\/\/slovakiatraveltours.com\/en\/","title":{"rendered":"Home"},"content":{"rendered":"","protected":false},"excerpt":{"rendered":"","protected":false},"author":1,"featured_media":27672,"parent":0,"menu_order":0,"comment_status":"open","ping_status":"open","template":"","meta":{"_acf_changed":false,"footnotes":""},"class_list":["post-6","page","type-page","status-publish","has-post-thumbnail","hentry"],"acf":{"headline":"Discover Slovakia with us","search_button":"Search","slides":[{"slide":"https:\/\/slovakiatraveltours.com\/wp-content\/uploads\/2023\/06\/slovakia2.jpg","slide_link":"http:\/\/slovakiatraveltours.com\/en","title":"Discover Beauty of Slovakia","description":""}],"partners":[{"partner":"https:\/\/slovakiatraveltours.com\/wp-content\/uploads\/2023\/07\/loga_ikea.png"},{"partner":"https:\/\/slovakiatraveltours.com\/wp-content\/uploads\/2023\/07\/logo_ever.png"},{"partner":"https:\/\/slovakiatraveltours.com\/wp-content\/uploads\/2023\/07\/logo_google.jpg"},{"partner":"https:\/\/slovakiatraveltours.com\/wp-content\/uploads\/2023\/07\/logo_ing.png"}],"headline_partners":"They trusted us:","city_breaks_array":[{"city_break":"Kategoria","category":[{"term_id":830,"name":"Bratislava Tours","slug":"bratislava-tours","term_group":0,"term_taxonomy_id":830,"taxonomy":"city-breaks","description":"Bratislava is the capital and largest city of Slovakia, a country located in Central Europe. It is situated on the banks of the Danube River and shares borders with Austria and Hungary.","parent":0,"count":34,"filter":"raw","term_order":"0"},{"term_id":831,"name":"Kosice Tours","slug":"kosice-tours","term_group":0,"term_taxonomy_id":831,"taxonomy":"city-breaks","description":"Ko\u0161ice is situated in the Ko\u0161ice Region, near the border with Hungary. It lies in the Ko\u0161ice Basin, surrounded by the Slovensk\u00e9 Rudohorie mountains to the northwest and the Volovsk\u00e9 vrchy mountains to the southwest.","parent":0,"count":17,"filter":"raw","term_order":"0"},{"term_id":832,"name":"Zilina Tours","slug":"zilina-tours","term_group":0,"term_taxonomy_id":832,"taxonomy":"city-breaks","description":"\u017dilina is located in the \u017dilina Region, in the northwestern part of Slovakia. It is situated on the banks of the V\u00e1h River and is surrounded by picturesque mountains, including the Mala Fatra and the Tatra Mountains.","parent":0,"count":4,"filter":"raw","term_order":"0"},{"term_id":833,"name":"Banska Bystrica Tours","slug":"banska-bystrica-tours","term_group":0,"term_taxonomy_id":833,"taxonomy":"city-breaks","description":"Bansk\u00e1 Bystrica is situated in the Bansk\u00e1 Bystrica Region, in the central part of Slovakia. It is nestled in the Hron River valley and is surrounded by the mountain ranges of the Low Tatras, Ve\u013ek\u00e1 Fatra, and Kremnica Mountain","parent":0,"count":4,"filter":"raw","term_order":"0"},{"term_id":834,"name":"Poprad Tours","slug":"poprad-tours","term_group":0,"term_taxonomy_id":834,"taxonomy":"city-breaks","description":"Poprad is a city located in northern Slovakia. It is situated in the Pre\u0161ov Region, at the foothills of the High Tatras Mountains. Poprad is known for its picturesque location.","parent":0,"count":10,"filter":"raw","term_order":"0"}],"trip":false},{"city_break":"Kategoria","category":false,"trip":false}],"vacations_array":[{"vacation":"Kategoria","category":[{"term_id":835,"name":"Activities in Kosice","slug":"activities-in-kosice","term_group":0,"term_taxonomy_id":835,"taxonomy":"activities","description":"Discover the best activities in Kosice. Plan your ultimate fun in Kosice.","parent":0,"count":11,"filter":"raw","term_order":"0"},{"term_id":836,"name":"Activities in Bratislava","slug":"activities-in-bratislava","term_group":0,"term_taxonomy_id":836,"taxonomy":"activities","description":"Discover the best activities in Bratislava. Plan your ultimate fun in Bratislava.","parent":0,"count":38,"filter":"raw","term_order":"0"},{"term_id":837,"name":"Activities in Poprad and Tatras","slug":"activities-in-poprad-and-tatras","term_group":0,"term_taxonomy_id":837,"taxonomy":"activities","description":"Going to Poprad ? Check our offer for activities: Bear Watching, Ice Climbing, Husky Ride, Horse Riding and more.","parent":0,"count":6,"filter":"raw","term_order":"0"}],"trip":false}],"special_tours_array":[{"special_tour":"Kategoria","category":[{"term_id":838,"name":"Slovakia Hiking Trips","slug":"slovakia-hiking-trips","term_group":0,"term_taxonomy_id":838,"taxonomy":"special-tours-events","description":"Hiking Trips in Slovakia: Lower Tatra , Slovak Paradise, Mala Fatra, Highh Tatras","parent":0,"count":4,"filter":"raw","term_order":"0"},{"term_id":839,"name":"Escorted Tours in Slovakia","slug":"escorted-tours-in-slovakia","term_group":0,"term_taxonomy_id":839,"taxonomy":"special-tours-events","description":"Essential Slovakia Tour , Grand Tour of Slovakia, Wooden Churches Tour","parent":0,"count":4,"filter":"raw","term_order":"0"}],"trip":false},{"special_tour":"Wycieczka","category":false,"trip":[{"ID":34891,"post_author":"3","post_date":"2023-07-05 17:58:26","post_date_gmt":"2023-07-05 15:58:26","post_content":"<!-- wp:paragraph -->\n<p>If you would like to spend your holiday actively and visit new places in the same time we can offer you a truly adventurous cycling tour into the furthest corners of Slovakia. This kind of travelling will allow you experience beautiful nature of Slovakia, cycling through the most scenic areas of vineyards, forests of national parks, lowlands. Slovakia is a country dotted with numerous charming villages and smaller towns as well as impressive medieval towns or historical cities. Many castles, museums, natural wonders wait for you.<\/p>\n<!-- \/wp:paragraph -->\n\n<!-- wp:paragraph -->\n<p>We can arrange for you every type of cycling tours from easy to demanding, shorter and longer, through plain areas or mountainous regions. Please do not hesitate to write to us and we will do our best to meet your expectations.<\/p>\n<!-- \/wp:paragraph -->","post_title":"Cycling in Slovakia","post_excerpt":"","post_status":"publish","comment_status":"open","ping_status":"closed","post_password":"","post_name":"cycling-in-slovakia","to_ping":"","pinged":"","post_modified":"2023-07-05 17:58:27","post_modified_gmt":"2023-07-05 15:58:27","post_content_filtered":"","post_parent":0,"guid":"http:\/\/slovakiatraveltours.com\/?post_type=specialtours&#038;p=34891","menu_order":0,"post_type":"specialtours","post_mime_type":"","comment_count":"0","filter":"raw"},{"ID":34889,"post_author":"3","post_date":"2023-07-05 17:49:42","post_date_gmt":"2023-07-05 15:49:42","post_content":"<!-- wp:paragraph -->\n<p>We offer you fascinating journey into winemaking tradition cultivated in Slovakia through centuries. The most popular winemaking region is the area of the Small Carpathians which is dotted with charming small town and villages where wine has been poduced from one generation to the next. We want to introduce you to the secrets of Slovak wine making but also show you other interesting cultural and historical sites as well as natural wonders.<\/p>\n<!-- \/wp:paragraph -->\n\n<!-- wp:paragraph -->\n<p><strong>Day 1<\/strong><\/p>\n<!-- \/wp:paragraph -->\n\n<!-- wp:paragraph -->\n<p>We will pick you up from the airport in Bratislava. Our driver will take you to your hotel and then you will take part in a city sightseeing containing a visit of the Museum of Viticulture. You will have welcome dinner in an excellent restaurant.<\/p>\n<!-- \/wp:paragraph -->\n\n<!-- wp:paragraph -->\n<p><strong>Day 2<\/strong><\/p>\n<!-- \/wp:paragraph -->\n\n<!-- wp:paragraph -->\n<p>You will discover the Small Carpathian region which is well-known as a winemaking area. You will visit Modra and the pottery manufacture and then, you will head toward Pezinok which is considered to be the Slovak capital of wine. Then, you will have a chance to admire the fantastic Renaissance fortress of Cerveny Kamen. You will have lunch in a regional restaurant.<\/p>\n<!-- \/wp:paragraph -->\n\n<!-- wp:paragraph -->\n<p><strong>Day 3<\/strong><\/p>\n<!-- \/wp:paragraph -->\n\n<!-- wp:paragraph -->\n<p>You will head toward the former summer residence of the presidents of Czechoslovakia - Chateau Topolcianky, where you will stop to visit this interesting site. You will continue your tour to Nitra \u2013 the centre of the Nitra wine region. You will have lunch there and then you will go to Vrable where you will have a chance to explore the wine archives of the Vinanza company.<\/p>\n<!-- \/wp:paragraph -->\n\n<!-- wp:paragraph -->\n<p><strong>Day 4<\/strong><\/p>\n<!-- \/wp:paragraph -->\n\n<!-- wp:paragraph -->\n<p>In the morning, you will drive to Muzla pri Sturove and Chateau Bela \u2013 a producer of Slovakia's high\u2013quality wines. You will continue your tour to Velky Krtis, where the another producer of excellent wine has its company -MOVINO . The company MOVINO is the largest producer of wine in the Central Slovak wine region with vast experience in wine production. You will arrive in Koscie in the late afternoon.<\/p>\n<!-- \/wp:paragraph -->\n\n<!-- wp:paragraph -->\n<p><strong>Day 5<\/strong><\/p>\n<!-- \/wp:paragraph -->\n\n<!-- wp:paragraph -->\n<p>You will take a pleasant walk around the wonderful Old Town of Kosice. You will admire the marvellous building of Gothic cathedral. In the afternoon, you will head toward Tokay region dotted with numerous wine cellars. You will get to Ostrozovic winery.<\/p>\n<!-- \/wp:paragraph -->\n\n<!-- wp:paragraph -->\n<p><strong>Day 6<\/strong><\/p>\n<!-- \/wp:paragraph -->\n\n<!-- wp:paragraph -->\n<p>You will depart Kosice and head towards a picturesque town of Presov where the wine museum is located. The next stops will be in Spis region \u2013 one of the most magnificent area of Slovakia with a picturesque Spis Castle, a charming medieval Old town of Levoca, a unique Kapitula Spisska and more. You will have dinner at a Koliba-style restaurant.<\/p>\n<!-- \/wp:paragraph -->\n\n<!-- wp:paragraph -->\n<p><strong>Day 7<\/strong><\/p>\n<!-- \/wp:paragraph -->\n\n<!-- wp:paragraph -->\n<p>This day, you will take a scenic ride in the funicular railway to Hrebeniok. You will have a great chance to admire breathtaking views of Lomnicky Peak and then you will descend to the Valley of Cold Cree. You will continue your tour to Trencin which was once a Roman camp. The city of Trencin is famous for the Roman evidence as the Latin inscription on the castle cliff. After some free time, you will go to Bratislava.<\/p>\n<!-- \/wp:paragraph -->\n\n<!-- wp:paragraph -->\n<p><strong>Day 8<\/strong><\/p>\n<!-- \/wp:paragraph -->\n\n<!-- wp:paragraph -->\n<p>We will drive you to the airport.<\/p>\n<!-- \/wp:paragraph -->","post_title":"Slovakia Wine Tour","post_excerpt":"","post_status":"publish","comment_status":"open","ping_status":"closed","post_password":"","post_name":"slovakia-wine-tour","to_ping":"","pinged":"","post_modified":"2023-07-05 17:49:42","post_modified_gmt":"2023-07-05 15:49:42","post_content_filtered":"","post_parent":0,"guid":"http:\/\/slovakiatraveltours.com\/?post_type=specialtours&#038;p=34889","menu_order":0,"post_type":"specialtours","post_mime_type":"","comment_count":"0","filter":"raw"}]}],"fp_img_under":false,"activities_array":[{"activity":"Kategoria","category":false,"trip":false}],"additional_section_activities":false,"hidden_section_citybreaks":false,"hidden_section_activities":false,"hidden_section_specialtours":false,"hidden_section_vacations":true,"hero_image":"https:\/\/slovakiatraveltours.com\/wp-content\/uploads\/2023\/06\/slovakia2.jpg"},"yoast_head":"<!-- This site is optimized with the Yoast SEO plugin v25.6 - https:\/\/yoast.com\/wordpress\/plugins\/seo\/ -->\n<title>Slovakia Travel Tours - Day Tours and Trips in Slovakia<\/title>\n<meta name=\"description\" content=\"Choose one of our tours and see Poland from unusual viewpoints. We provide high quality services in all major city in Poland. Reserve your trip directly with us and get the best prices now.\" \/>\n<meta name=\"robots\" content=\"index, follow, max-snippet:-1, max-image-preview:large, max-video-preview:-1\" \/>\n<link rel=\"canonical\" href=\"https:\/\/slovakiatraveltours.com\/en\/\" \/>\n<meta property=\"og:locale\" content=\"en_US\" \/>\n<meta property=\"og:type\" content=\"article\" \/>\n<meta property=\"og:title\" content=\"Slovakia Travel Tours - Day Tours and Trips in Slovakia\" \/>\n<meta property=\"og:description\" content=\"Choose one of our tours and see Poland from unusual viewpoints. We provide high quality services in all major city in Poland. Reserve your trip directly with us and get the best prices now.\" \/>\n<meta property=\"og:url\" content=\"https:\/\/slovakiatraveltours.com\/en\/\" \/>\n<meta property=\"og:site_name\" content=\"Slovakia Travel Tours\" \/>\n<meta property=\"article:publisher\" content=\"https:\/\/www.facebook.com\/Poland-Travel-170027806361948\" \/>\n<meta property=\"article:modified_time\" content=\"2024-10-09T12:29:00+00:00\" \/>\n<meta name=\"twitter:card\" content=\"summary_large_image\" \/>\n<script type=\"application\/ld+json\" class=\"yoast-schema-graph\">{\"@context\":\"https:\/\/schema.org\",\"@graph\":[{\"@type\":\"WebPage\",\"@id\":\"https:\/\/slovakiatraveltours.com\/en\/\",\"url\":\"https:\/\/slovakiatraveltours.com\/en\/\",\"name\":\"Slovakia Travel Tours - Day Tours and Trips in Slovakia\",\"isPartOf\":{\"@id\":\"https:\/\/slovakiatraveltours.com\/en\/#website\"},\"primaryImageOfPage\":{\"@id\":\"https:\/\/slovakiatraveltours.com\/en\/#primaryimage\"},\"image\":{\"@id\":\"https:\/\/slovakiatraveltours.com\/en\/#primaryimage\"},\"thumbnailUrl\":\"https:\/\/slovakiatraveltours.com\/wp-content\/uploads\/2018\/03\/blog2-1.jpg\",\"datePublished\":\"2019-05-11T07:48:57+00:00\",\"dateModified\":\"2024-10-09T12:29:00+00:00\",\"description\":\"Choose one of our tours and see Poland from unusual viewpoints. We provide high quality services in all major city in Poland. Reserve your trip directly with us and get the best prices now.\",\"breadcrumb\":{\"@id\":\"https:\/\/slovakiatraveltours.com\/en\/#breadcrumb\"},\"inLanguage\":\"en-US\",\"potentialAction\":[{\"@type\":\"ReadAction\",\"target\":[\"https:\/\/slovakiatraveltours.com\/en\/\"]}]},{\"@type\":\"ImageObject\",\"inLanguage\":\"en-US\",\"@id\":\"https:\/\/slovakiatraveltours.com\/en\/#primaryimage\",\"url\":\"https:\/\/slovakiatraveltours.com\/wp-content\/uploads\/2018\/03\/blog2-1.jpg\",\"contentUrl\":\"https:\/\/slovakiatraveltours.com\/wp-content\/uploads\/2018\/03\/blog2-1.jpg\",\"width\":1000,\"height\":486},{\"@type\":\"BreadcrumbList\",\"@id\":\"https:\/\/slovakiatraveltours.com\/en\/#breadcrumb\",\"itemListElement\":[{\"@type\":\"ListItem\",\"position\":1,\"name\":\"Strona g\u0142\u00f3wna\",\"item\":\"https:\/\/slovakiatraveltours.com\/en\/\"},{\"@type\":\"ListItem\",\"position\":2,\"name\":\"Home\"}]},{\"@type\":\"WebSite\",\"@id\":\"https:\/\/slovakiatraveltours.com\/en\/#website\",\"url\":\"https:\/\/slovakiatraveltours.com\/en\/\",\"name\":\"Slovakia Travel Tours\",\"description\":\"Tour and Day Trips in Slovakia\",\"potentialAction\":[{\"@type\":\"SearchAction\",\"target\":{\"@type\":\"EntryPoint\",\"urlTemplate\":\"https:\/\/slovakiatraveltours.com\/en\/?s={search_term_string}\"},\"query-input\":{\"@type\":\"PropertyValueSpecification\",\"valueRequired\":true,\"valueName\":\"search_term_string\"}}],\"inLanguage\":\"en-US\"}]}<\/script>\n<!-- \/ Yoast SEO plugin. -->","yoast_head_json":{"title":"Slovakia Travel Tours - Day Tours and Trips in Slovakia","description":"Choose one of our tours and see Poland from unusual viewpoints. We provide high quality services in all major city in Poland. Reserve your trip directly with us and get the best prices now.","robots":{"index":"index","follow":"follow","max-snippet":"max-snippet:-1","max-image-preview":"max-image-preview:large","max-video-preview":"max-video-preview:-1"},"canonical":"https:\/\/slovakiatraveltours.com\/en\/","og_locale":"en_US","og_type":"article","og_title":"Slovakia Travel Tours - Day Tours and Trips in Slovakia","og_description":"Choose one of our tours and see Poland from unusual viewpoints. We provide high quality services in all major city in Poland. Reserve your trip directly with us and get the best prices now.","og_url":"https:\/\/slovakiatraveltours.com\/en\/","og_site_name":"Slovakia Travel Tours","article_publisher":"https:\/\/www.facebook.com\/Poland-Travel-170027806361948","article_modified_time":"2024-10-09T12:29:00+00:00","twitter_card":"summary_large_image","schema":{"@context":"https:\/\/schema.org","@graph":[{"@type":"WebPage","@id":"https:\/\/slovakiatraveltours.com\/en\/","url":"https:\/\/slovakiatraveltours.com\/en\/","name":"Slovakia Travel Tours - Day Tours and Trips in Slovakia","isPartOf":{"@id":"https:\/\/slovakiatraveltours.com\/en\/#website"},"primaryImageOfPage":{"@id":"https:\/\/slovakiatraveltours.com\/en\/#primaryimage"},"image":{"@id":"https:\/\/slovakiatraveltours.com\/en\/#primaryimage"},"thumbnailUrl":"https:\/\/slovakiatraveltours.com\/wp-content\/uploads\/2018\/03\/blog2-1.jpg","datePublished":"2019-05-11T07:48:57+00:00","dateModified":"2024-10-09T12:29:00+00:00","description":"Choose one of our tours and see Poland from unusual viewpoints. We provide high quality services in all major city in Poland. Reserve your trip directly with us and get the best prices now.","breadcrumb":{"@id":"https:\/\/slovakiatraveltours.com\/en\/#breadcrumb"},"inLanguage":"en-US","potentialAction":[{"@type":"ReadAction","target":["https:\/\/slovakiatraveltours.com\/en\/"]}]},{"@type":"ImageObject","inLanguage":"en-US","@id":"https:\/\/slovakiatraveltours.com\/en\/#primaryimage","url":"https:\/\/slovakiatraveltours.com\/wp-content\/uploads\/2018\/03\/blog2-1.jpg","contentUrl":"https:\/\/slovakiatraveltours.com\/wp-content\/uploads\/2018\/03\/blog2-1.jpg","width":1000,"height":486},{"@type":"BreadcrumbList","@id":"https:\/\/slovakiatraveltours.com\/en\/#breadcrumb","itemListElement":[{"@type":"ListItem","position":1,"name":"Strona g\u0142\u00f3wna","item":"https:\/\/slovakiatraveltours.com\/en\/"},{"@type":"ListItem","position":2,"name":"Home"}]},{"@type":"WebSite","@id":"https:\/\/slovakiatraveltours.com\/en\/#website","url":"https:\/\/slovakiatraveltours.com\/en\/","name":"Slovakia Travel Tours","description":"Tour and Day Trips in Slovakia","potentialAction":[{"@type":"SearchAction","target":{"@type":"EntryPoint","urlTemplate":"https:\/\/slovakiatraveltours.com\/en\/?s={search_term_string}"},"query-input":{"@type":"PropertyValueSpecification","valueRequired":true,"valueName":"search_term_string"}}],"inLanguage":"en-US"}]}},"_links":{"self":[{"href":"https:\/\/slovakiatraveltours.com\/en\/wp-json\/wp\/v2\/pages\/6"}],"collection":[{"href":"https:\/\/slovakiatraveltours.com\/en\/wp-json\/wp\/v2\/pages"}],"about":[{"href":"https:\/\/slovakiatraveltours.com\/en\/wp-json\/wp\/v2\/types\/page"}],"author":[{"embeddable":true,"href":"https:\/\/slovakiatraveltours.com\/en\/wp-json\/wp\/v2\/users\/1"}],"replies":[{"embeddable":true,"href":"https:\/\/slovakiatraveltours.com\/en\/wp-json\/wp\/v2\/comments?post=6"}],"version-history":[{"count":85,"href":"https:\/\/slovakiatraveltours.com\/en\/wp-json\/wp\/v2\/pages\/6\/revisions"}],"predecessor-version":[{"id":34987,"href":"https:\/\/slovakiatraveltours.com\/en\/wp-json\/wp\/v2\/pages\/6\/revisions\/34987"}],"wp:featuredmedia":[{"embeddable":true,"href":"https:\/\/slovakiatraveltours.com\/en\/wp-json\/wp\/v2\/media\/27672"}],"wp:attachment":[{"href":"https:\/\/slovakiatraveltours.com\/en\/wp-json\/wp\/v2\/media?parent=6"}],"curies":[{"name":"wp","href":"https:\/\/api.w.org\/{rel}","templated":true}]}}